{"id":2709,"date":"2022-01-13T16:19:08","date_gmt":"2022-01-13T16:19:08","guid":{"rendered":"https:\/\/segwaypowersports.rs\/?page_id=2709"},"modified":"2026-02-26T17:52:26","modified_gmt":"2026-02-26T17:52:26","slug":"vesti","status":"publish","type":"page","link":"https:\/\/segwaypowersports.rs\/en\/news\/","title":{"rendered":"NEWS"},"content":{"rendered":"\t\t<div data-elementor-type=\"wp-page\" data-elementor-id=\"2709\" class=\"elementor elementor-2709\">\n\t\t\t\t\t\t\t\t\t<section class=\"elementor-section elementor-top-section elementor-element elementor-element-e14cfa7 elementor-section-height-min-height elementor-section-boxed elementor-section-height-default elementor-section-items-middle\" data-id=\"e14cfa7\" data-element_type=\"section\" data-settings=\"{&quot;background_background&quot;:&quot;classic&quot;}\">\n\t\t\t\t\t\t<div class=\"elementor-container elementor-column-gap-default\">\n\t\t\t\t\t<div class=\"elementor-column elementor-col-100 elementor-top-column elementor-element elementor-element-f597023\" data-id=\"f597023\" data-element_type=\"column\">\n\t\t\t<div class=\"elementor-widget-wrap elementor-element-populated\">\n\t\t\t\t\t\t\t\t<div class=\"elementor-element elementor-element-3abdc45 elementor-widget elementor-widget-heading\" data-id=\"3abdc45\" data-element_type=\"widget\" data-widget_type=\"heading.default\">\n\t\t\t\t<div class=\"elementor-widget-container\">\n\t\t\t<style>\/*! elementor - v3.16.0 - 20-09-2023 *\/\n.elementor-heading-title{padding:0;margin:0;line-height:1}.elementor-widget-heading .elementor-heading-title[class*=elementor-size-]>a{color:inherit;font-size:inherit;line-height:inherit}.elementor-widget-heading .elementor-heading-title.elementor-size-small{font-size:15px}.elementor-widget-heading .elementor-heading-title.elementor-size-medium{font-size:19px}.elementor-widget-heading .elementor-heading-title.elementor-size-large{font-size:29px}.elementor-widget-heading .elementor-heading-title.elementor-size-xl{font-size:39px}.elementor-widget-heading .elementor-heading-title.elementor-size-xxl{font-size:59px}<\/style><h2 class=\"elementor-heading-title elementor-size-default\">Vesti<\/h2>\t\t<\/div>\n\t\t\t\t<\/div>\n\t\t\t\t\t<\/div>\n\t\t<\/div>\n\t\t\t\t\t\t\t<\/div>\n\t\t<\/section>\n\t\t\t\t<section class=\"elementor-section elementor-top-section elementor-element elementor-element-66c1e4f elementor-section-boxed elementor-section-height-default elementor-section-height-default\" data-id=\"66c1e4f\" data-element_type=\"section\">\n\t\t\t\t\t\t<div class=\"elementor-container elementor-column-gap-default\">\n\t\t\t\t\t<div class=\"elementor-column elementor-col-100 elementor-top-column elementor-element elementor-element-6b68479\" data-id=\"6b68479\" data-element_type=\"column\">\n\t\t\t<div class=\"elementor-widget-wrap elementor-element-populated\">\n\t\t\t\t\t\t\t\t<div class=\"elementor-element elementor-element-3cfb346 elementor-grid-3 elementor-grid-tablet-2 elementor-grid-mobile-1 elementor-posts--thumbnail-top elementor-card-shadow-yes elementor-posts__hover-gradient elementor-widget elementor-widget-posts\" data-id=\"3cfb346\" data-element_type=\"widget\" data-settings=\"{&quot;cards_columns&quot;:&quot;3&quot;,&quot;cards_columns_tablet&quot;:&quot;2&quot;,&quot;cards_columns_mobile&quot;:&quot;1&quot;,&quot;cards_row_gap&quot;:{&quot;unit&quot;:&quot;px&quot;,&quot;size&quot;:35,&quot;sizes&quot;:[]},&quot;cards_row_gap_widescreen&quot;:{&quot;unit&quot;:&quot;px&quot;,&quot;size&quot;:&quot;&quot;,&quot;sizes&quot;:[]},&quot;cards_row_gap_laptop&quot;:{&quot;unit&quot;:&quot;px&quot;,&quot;size&quot;:&quot;&quot;,&quot;sizes&quot;:[]},&quot;cards_row_gap_tablet&quot;:{&quot;unit&quot;:&quot;px&quot;,&quot;size&quot;:&quot;&quot;,&quot;sizes&quot;:[]},&quot;cards_row_gap_mobile&quot;:{&quot;unit&quot;:&quot;px&quot;,&quot;size&quot;:&quot;&quot;,&quot;sizes&quot;:[]}}\" data-widget_type=\"posts.cards\">\n\t\t\t\t<div class=\"elementor-widget-container\">\n\t\t\t<link rel=\"stylesheet\" href=\"https:\/\/segwaypowersports.rs\/wp-content\/plugins\/elementor-pro\/assets\/css\/widget-posts.min.css\">\t\t<div class=\"elementor-posts-container elementor-posts elementor-posts--skin-cards elementor-grid\">\n\t\t\t\t<article class=\"elementor-post elementor-grid-item post-5647 post type-post status-publish format-standard has-post-thumbnail hentry category-vesti\">\n\t\t\t<div class=\"elementor-post__card\">\n\t\t\t\t<a class=\"elementor-post__thumbnail__link\" href=\"https:\/\/segwaypowersports.rs\/en\/segway-at10-impresivan-povratak-i-borba-do-samog-kraja\/\" ><div class=\"elementor-post__thumbnail\"><img width=\"768\" height=\"486\" src=\"https:\/\/segwaypowersports.rs\/wp-content\/uploads\/2026\/02\/SEGWAY_TOP-768x486.jpg\" class=\"attachment-medium_large size-medium_large wp-image-5648\" alt=\"\" loading=\"lazy\" srcset=\"https:\/\/segwaypowersports.rs\/wp-content\/uploads\/2026\/02\/SEGWAY_TOP-768x486.jpg 768w, https:\/\/segwaypowersports.rs\/wp-content\/uploads\/2026\/02\/SEGWAY_TOP-300x190.jpg 300w, https:\/\/segwaypowersports.rs\/wp-content\/uploads\/2026\/02\/SEGWAY_TOP-18x12.jpg 18w, https:\/\/segwaypowersports.rs\/wp-content\/uploads\/2026\/02\/SEGWAY_TOP.jpg 928w\" sizes=\"(max-width: 768px) 100vw, 768px\" \/><\/div><\/a>\n\t\t\t\t<div class=\"elementor-post__badge\">Vesti<\/div>\n\t\t\t\t<div class=\"elementor-post__text\">\n\t\t\t\t<h3 class=\"elementor-post__title\">\n\t\t\t<a href=\"https:\/\/segwaypowersports.rs\/en\/segway-at10-impresivan-povratak-i-borba-do-samog-kraja\/\" >\n\t\t\t\tSegway AT10 \u2013 Impresivan povratak i borba do samog kraja\t\t\t<\/a>\n\t\t<\/h3>\n\t\t\t\t<div class=\"elementor-post__excerpt\">\n\t\t\t<p>Predstavnik ATV&amp;Nautika Racing Team-a na trci Race to Hell bio je Marko Budi\u0107, koji je vozio Segway AT10. Marko je kroz tri takmi\u010darska dana pokazao<\/p>\n\t\t<\/div>\n\t\t\t\t\t<a class=\"elementor-post__read-more\" href=\"https:\/\/segwaypowersports.rs\/en\/segway-at10-impresivan-povratak-i-borba-do-samog-kraja\/\" >\n\t\t\t\tdetaljnije \u00bb\t\t\t<\/a>\n\t\t\t\t<\/div>\n\t\t\t\t\t<\/div>\n\t\t<\/article>\n\t\t\t\t<article class=\"elementor-post elementor-grid-item post-5503 post type-post status-publish format-standard has-post-thumbnail hentry category-vesti\">\n\t\t\t<div class=\"elementor-post__card\">\n\t\t\t\t<a class=\"elementor-post__thumbnail__link\" href=\"https:\/\/segwaypowersports.rs\/en\/segway-powersports-siri-granice-zabave-i-off-road-avantura-na-eicma-2025\/\" ><div class=\"elementor-post__thumbnail\"><img width=\"768\" height=\"512\" src=\"https:\/\/segwaypowersports.rs\/wp-content\/uploads\/2025\/11\/ZJ000084-768x512.jpg\" class=\"attachment-medium_large size-medium_large wp-image-5504\" alt=\"\" loading=\"lazy\" srcset=\"https:\/\/segwaypowersports.rs\/wp-content\/uploads\/2025\/11\/ZJ000084-768x512.jpg 768w, https:\/\/segwaypowersports.rs\/wp-content\/uploads\/2025\/11\/ZJ000084-300x200.jpg 300w, https:\/\/segwaypowersports.rs\/wp-content\/uploads\/2025\/11\/ZJ000084-1024x682.jpg 1024w, https:\/\/segwaypowersports.rs\/wp-content\/uploads\/2025\/11\/ZJ000084-1536x1024.jpg 1536w, https:\/\/segwaypowersports.rs\/wp-content\/uploads\/2025\/11\/ZJ000084-2048x1365.jpg 2048w, https:\/\/segwaypowersports.rs\/wp-content\/uploads\/2025\/11\/ZJ000084-18x12.jpg 18w\" sizes=\"(max-width: 768px) 100vw, 768px\" \/><\/div><\/a>\n\t\t\t\t<div class=\"elementor-post__badge\">Vesti<\/div>\n\t\t\t\t<div class=\"elementor-post__text\">\n\t\t\t\t<h3 class=\"elementor-post__title\">\n\t\t\t<a href=\"https:\/\/segwaypowersports.rs\/en\/segway-powersports-siri-granice-zabave-i-off-road-avantura-na-eicma-2025\/\" >\n\t\t\t\tSegway Powersports \u0161iri granice zabave i off-road avantura na EICMA 2025\t\t\t<\/a>\n\t\t<\/h3>\n\t\t\t\t<div class=\"elementor-post__excerpt\">\n\t\t\t<p>MILANO, 5. novembar 2025. \u2014 Segway, globalni lider u oblasti mikromobilnosti, powersport vozila i potro\u0161a\u010dke robotike, predstavio je svoju najnoviju liniju proizvoda i inovativne sisteme<\/p>\n\t\t<\/div>\n\t\t\t\t\t<a class=\"elementor-post__read-more\" href=\"https:\/\/segwaypowersports.rs\/en\/segway-powersports-siri-granice-zabave-i-off-road-avantura-na-eicma-2025\/\" >\n\t\t\t\tdetaljnije \u00bb\t\t\t<\/a>\n\t\t\t\t<\/div>\n\t\t\t\t\t<\/div>\n\t\t<\/article>\n\t\t\t\t<article class=\"elementor-post elementor-grid-item post-3513 post type-post status-publish format-standard has-post-thumbnail hentry category-vesti\">\n\t\t\t<div class=\"elementor-post__card\">\n\t\t\t\t<a class=\"elementor-post__thumbnail__link\" href=\"https:\/\/segwaypowersports.rs\/en\/new-in-segway-offer\/\" ><div class=\"elementor-post__thumbnail\"><img width=\"768\" height=\"510\" src=\"https:\/\/segwaypowersports.rs\/wp-content\/uploads\/2022\/05\/Elektricni-moped-zuti-B110oS-2-768x510.jpg\" class=\"attachment-medium_large size-medium_large wp-image-3520\" alt=\"\" loading=\"lazy\" srcset=\"https:\/\/segwaypowersports.rs\/wp-content\/uploads\/2022\/05\/Elektricni-moped-zuti-B110oS-2-768x510.jpg 768w, https:\/\/segwaypowersports.rs\/wp-content\/uploads\/2022\/05\/Elektricni-moped-zuti-B110oS-2-300x199.jpg 300w, https:\/\/segwaypowersports.rs\/wp-content\/uploads\/2022\/05\/Elektricni-moped-zuti-B110oS-2-1024x680.jpg 1024w, https:\/\/segwaypowersports.rs\/wp-content\/uploads\/2022\/05\/Elektricni-moped-zuti-B110oS-2-18x12.jpg 18w, https:\/\/segwaypowersports.rs\/wp-content\/uploads\/2022\/05\/Elektricni-moped-zuti-B110oS-2.jpg 1280w\" sizes=\"(max-width: 768px) 100vw, 768px\" \/><\/div><\/a>\n\t\t\t\t<div class=\"elementor-post__badge\">Vesti<\/div>\n\t\t\t\t<div class=\"elementor-post__text\">\n\t\t\t\t<h3 class=\"elementor-post__title\">\n\t\t\t<a href=\"https:\/\/segwaypowersports.rs\/en\/new-in-segway-offer\/\" >\n\t\t\t\tE-SKUTERI I MOPEDI SU NOVITET U SEGWAY PONUDI!\t\t\t<\/a>\n\t\t<\/h3>\n\t\t\t\t<div class=\"elementor-post__excerpt\">\n\t\t\t<p>\u010cistiji, inovativniji, zabavniji. Ukratko, to je linija Segway elektri\u010dnih skutera i mopeda, koji su odnedavno deo na\u0161e ponude. Modeli su opremljeni mnogim jedinstvenim inovacijama sa<\/p>\n\t\t<\/div>\n\t\t\t\t\t<a class=\"elementor-post__read-more\" href=\"https:\/\/segwaypowersports.rs\/en\/new-in-segway-offer\/\" >\n\t\t\t\tdetaljnije \u00bb\t\t\t<\/a>\n\t\t\t\t<\/div>\n\t\t\t\t\t<\/div>\n\t\t<\/article>\n\t\t\t\t<article class=\"elementor-post elementor-grid-item post-3489 post type-post status-publish format-standard has-post-thumbnail hentry category-vesti\">\n\t\t\t<div class=\"elementor-post__card\">\n\t\t\t\t<a class=\"elementor-post__thumbnail__link\" href=\"https:\/\/segwaypowersports.rs\/en\/all-segway-off-road-models-can-now-be-found-at-the-new-sales-venue-in-new-belgrade\/\" ><div class=\"elementor-post__thumbnail\"><img width=\"768\" height=\"432\" src=\"https:\/\/segwaypowersports.rs\/wp-content\/uploads\/2022\/04\/34-768x432.jpg\" class=\"attachment-medium_large size-medium_large wp-image-3495\" alt=\"\" loading=\"lazy\" srcset=\"https:\/\/segwaypowersports.rs\/wp-content\/uploads\/2022\/04\/34-768x432.jpg 768w, https:\/\/segwaypowersports.rs\/wp-content\/uploads\/2022\/04\/34-300x169.jpg 300w, https:\/\/segwaypowersports.rs\/wp-content\/uploads\/2022\/04\/34-1024x576.jpg 1024w, https:\/\/segwaypowersports.rs\/wp-content\/uploads\/2022\/04\/34-1536x864.jpg 1536w, https:\/\/segwaypowersports.rs\/wp-content\/uploads\/2022\/04\/34-18x10.jpg 18w, https:\/\/segwaypowersports.rs\/wp-content\/uploads\/2022\/04\/34.jpg 1600w\" sizes=\"(max-width: 768px) 100vw, 768px\" \/><\/div><\/a>\n\t\t\t\t<div class=\"elementor-post__badge\">Vesti<\/div>\n\t\t\t\t<div class=\"elementor-post__text\">\n\t\t\t\t<h3 class=\"elementor-post__title\">\n\t\t\t<a href=\"https:\/\/segwaypowersports.rs\/en\/all-segway-off-road-models-can-now-be-found-at-the-new-sales-venue-in-new-belgrade\/\" >\n\t\t\t\tSvi Segway off-road modeli od sada na novom prodajnom mestu na Novom Beogradu!\t\t\t<\/a>\n\t\t<\/h3>\n\t\t\t\t<div class=\"elementor-post__excerpt\">\n\t\t\t<p>Sve Segway off-road modele od sada mo\u017eete upoznati i na novom prodajnom mestu na lokaciji auto-put za Zagreb broj 32. Modeli Snarler, Fugleman i Villain<\/p>\n\t\t<\/div>\n\t\t\t\t\t<a class=\"elementor-post__read-more\" href=\"https:\/\/segwaypowersports.rs\/en\/all-segway-off-road-models-can-now-be-found-at-the-new-sales-venue-in-new-belgrade\/\" >\n\t\t\t\tdetaljnije \u00bb\t\t\t<\/a>\n\t\t\t\t<\/div>\n\t\t\t\t\t<\/div>\n\t\t<\/article>\n\t\t\t\t<article class=\"elementor-post elementor-grid-item post-3444 post type-post status-publish format-standard has-post-thumbnail hentry category-vesti\">\n\t\t\t<div class=\"elementor-post__card\">\n\t\t\t\t<a class=\"elementor-post__thumbnail__link\" href=\"https:\/\/segwaypowersports.rs\/en\/segway-modeli-na-kopaoniku\/\" ><div class=\"elementor-post__thumbnail\"><img width=\"768\" height=\"1024\" src=\"https:\/\/segwaypowersports.rs\/wp-content\/uploads\/2022\/02\/kopaonik-10-1-768x1024.jpeg\" class=\"attachment-medium_large size-medium_large wp-image-3445\" alt=\"\" loading=\"lazy\" srcset=\"https:\/\/segwaypowersports.rs\/wp-content\/uploads\/2022\/02\/kopaonik-10-1-768x1024.jpeg 768w, https:\/\/segwaypowersports.rs\/wp-content\/uploads\/2022\/02\/kopaonik-10-1-225x300.jpeg 225w, https:\/\/segwaypowersports.rs\/wp-content\/uploads\/2022\/02\/kopaonik-10-1-1152x1536.jpeg 1152w, https:\/\/segwaypowersports.rs\/wp-content\/uploads\/2022\/02\/kopaonik-10-1-9x12.jpeg 9w, https:\/\/segwaypowersports.rs\/wp-content\/uploads\/2022\/02\/kopaonik-10-1.jpeg 1500w\" sizes=\"(max-width: 768px) 100vw, 768px\" \/><\/div><\/a>\n\t\t\t\t<div class=\"elementor-post__badge\">Vesti<\/div>\n\t\t\t\t<div class=\"elementor-post__text\">\n\t\t\t\t<h3 class=\"elementor-post__title\">\n\t\t\t<a href=\"https:\/\/segwaypowersports.rs\/en\/segway-modeli-na-kopaoniku\/\" >\n\t\t\t\tSEGWAY MODELI NA KOPAONIKU\t\t\t<\/a>\n\t\t<\/h3>\n\t\t\t\t<div class=\"elementor-post__excerpt\">\n\t\t\t<p>U periodu od 18. do 20. februara Segway porodica gostovala je na Kopaoniku. Modeli Snarler, Fugleman i Villain proveli su nezaboravan vikend na snegu i<\/p>\n\t\t<\/div>\n\t\t\t\t\t<a class=\"elementor-post__read-more\" href=\"https:\/\/segwaypowersports.rs\/en\/segway-modeli-na-kopaoniku\/\" >\n\t\t\t\tdetaljnije \u00bb\t\t\t<\/a>\n\t\t\t\t<\/div>\n\t\t\t\t\t<\/div>\n\t\t<\/article>\n\t\t\t\t<article class=\"elementor-post elementor-grid-item post-3433 post type-post status-publish format-standard has-post-thumbnail hentry category-vesti\">\n\t\t\t<div class=\"elementor-post__card\">\n\t\t\t\t<a class=\"elementor-post__thumbnail__link\" href=\"https:\/\/segwaypowersports.rs\/en\/villain-je-stigao-i-doneo-novu-dimenziju-voznje\/\" ><div class=\"elementor-post__thumbnail\"><img width=\"768\" height=\"512\" src=\"https:\/\/segwaypowersports.rs\/wp-content\/uploads\/2022\/02\/SEGWAY-Villian-2-768x512.jpg\" class=\"attachment-medium_large size-medium_large wp-image-3435\" alt=\"\" loading=\"lazy\" srcset=\"https:\/\/segwaypowersports.rs\/wp-content\/uploads\/2022\/02\/SEGWAY-Villian-2-768x512.jpg 768w, https:\/\/segwaypowersports.rs\/wp-content\/uploads\/2022\/02\/SEGWAY-Villian-2-300x200.jpg 300w, https:\/\/segwaypowersports.rs\/wp-content\/uploads\/2022\/02\/SEGWAY-Villian-2-1024x683.jpg 1024w, https:\/\/segwaypowersports.rs\/wp-content\/uploads\/2022\/02\/SEGWAY-Villian-2-1536x1024.jpg 1536w, https:\/\/segwaypowersports.rs\/wp-content\/uploads\/2022\/02\/SEGWAY-Villian-2-2048x1365.jpg 2048w, https:\/\/segwaypowersports.rs\/wp-content\/uploads\/2022\/02\/SEGWAY-Villian-2-18x12.jpg 18w\" sizes=\"(max-width: 768px) 100vw, 768px\" \/><\/div><\/a>\n\t\t\t\t<div class=\"elementor-post__badge\">Vesti<\/div>\n\t\t\t\t<div class=\"elementor-post__text\">\n\t\t\t\t<h3 class=\"elementor-post__title\">\n\t\t\t<a href=\"https:\/\/segwaypowersports.rs\/en\/villain-je-stigao-i-doneo-novu-dimenziju-voznje\/\" >\n\t\t\t\tVILLAIN JE STIGAO I DONEO NOVU DIMENZIJU VO\u017dNJE!\t\t\t<\/a>\n\t\t<\/h3>\n\t\t\t\t<div class=\"elementor-post__excerpt\">\n\t\t\t<p>Dugo najavljivani model Villain je stigao i u potpunosti opravdao visoka o\u010dekivanja koje smo imali. \u0160ta vi\u0161e \u2013 ne\u0107emo preterati ako ka\u017eemo da je ovaj<\/p>\n\t\t<\/div>\n\t\t\t\t\t<a class=\"elementor-post__read-more\" href=\"https:\/\/segwaypowersports.rs\/en\/villain-je-stigao-i-doneo-novu-dimenziju-voznje\/\" >\n\t\t\t\tdetaljnije \u00bb\t\t\t<\/a>\n\t\t\t\t<\/div>\n\t\t\t\t\t<\/div>\n\t\t<\/article>\n\t\t\t\t<article class=\"elementor-post elementor-grid-item post-3423 post type-post status-publish format-standard has-post-thumbnail hentry category-vesti\">\n\t\t\t<div class=\"elementor-post__card\">\n\t\t\t\t<a class=\"elementor-post__thumbnail__link\" href=\"https:\/\/segwaypowersports.rs\/en\/segway-fugleman-konacno-na-nasim-prostorima\/\" ><div class=\"elementor-post__thumbnail\"><img width=\"768\" height=\"512\" src=\"https:\/\/segwaypowersports.rs\/wp-content\/uploads\/2022\/02\/SEGWAY-fugleman-21-768x512.jpg\" class=\"attachment-medium_large size-medium_large wp-image-3424\" alt=\"\" loading=\"lazy\" srcset=\"https:\/\/segwaypowersports.rs\/wp-content\/uploads\/2022\/02\/SEGWAY-fugleman-21-768x512.jpg 768w, https:\/\/segwaypowersports.rs\/wp-content\/uploads\/2022\/02\/SEGWAY-fugleman-21-300x200.jpg 300w, https:\/\/segwaypowersports.rs\/wp-content\/uploads\/2022\/02\/SEGWAY-fugleman-21-1024x683.jpg 1024w, https:\/\/segwaypowersports.rs\/wp-content\/uploads\/2022\/02\/SEGWAY-fugleman-21-1536x1024.jpg 1536w, https:\/\/segwaypowersports.rs\/wp-content\/uploads\/2022\/02\/SEGWAY-fugleman-21-2048x1365.jpg 2048w, https:\/\/segwaypowersports.rs\/wp-content\/uploads\/2022\/02\/SEGWAY-fugleman-21-18x12.jpg 18w\" sizes=\"(max-width: 768px) 100vw, 768px\" \/><\/div><\/a>\n\t\t\t\t<div class=\"elementor-post__badge\">Vesti<\/div>\n\t\t\t\t<div class=\"elementor-post__text\">\n\t\t\t\t<h3 class=\"elementor-post__title\">\n\t\t\t<a href=\"https:\/\/segwaypowersports.rs\/en\/segway-fugleman-konacno-na-nasim-prostorima\/\" >\n\t\t\t\tSEGWAY FUGLEMAN KONA\u010cNO NA NA\u0160IM PROSTORIMA!\t\t\t<\/a>\n\t\t<\/h3>\n\t\t\t\t<div class=\"elementor-post__excerpt\">\n\t\t\t<p>2022. godina je po\u010dela u dobrom znaku, jer se na samom po\u010detku na\u0161 ATV izlo\u017ebeni centar postao bogatiji za model Fugleman. UTV vozilo brenda Segway<\/p>\n\t\t<\/div>\n\t\t\t\t\t<a class=\"elementor-post__read-more\" href=\"https:\/\/segwaypowersports.rs\/en\/segway-fugleman-konacno-na-nasim-prostorima\/\" >\n\t\t\t\tdetaljnije \u00bb\t\t\t<\/a>\n\t\t\t\t<\/div>\n\t\t\t\t\t<\/div>\n\t\t<\/article>\n\t\t\t\t<article class=\"elementor-post elementor-grid-item post-2711 post type-post status-publish format-standard has-post-thumbnail hentry category-vesti\">\n\t\t\t<div class=\"elementor-post__card\">\n\t\t\t\t<a class=\"elementor-post__thumbnail__link\" href=\"https:\/\/segwaypowersports.rs\/en\/istrazite-prirodne-lepote-srbije-sa-modelom-segway-snarler\/\" ><div class=\"elementor-post__thumbnail\"><img width=\"768\" height=\"590\" src=\"https:\/\/segwaypowersports.rs\/wp-content\/uploads\/2022\/01\/Vest-2-Rent-a-Quad-Divcibare-768x590.jpg\" class=\"attachment-medium_large size-medium_large wp-image-2713\" alt=\"\" loading=\"lazy\" srcset=\"https:\/\/segwaypowersports.rs\/wp-content\/uploads\/2022\/01\/Vest-2-Rent-a-Quad-Divcibare-768x590.jpg 768w, https:\/\/segwaypowersports.rs\/wp-content\/uploads\/2022\/01\/Vest-2-Rent-a-Quad-Divcibare-300x230.jpg 300w, https:\/\/segwaypowersports.rs\/wp-content\/uploads\/2022\/01\/Vest-2-Rent-a-Quad-Divcibare-1024x786.jpg 1024w, https:\/\/segwaypowersports.rs\/wp-content\/uploads\/2022\/01\/Vest-2-Rent-a-Quad-Divcibare.jpg 1080w\" sizes=\"(max-width: 768px) 100vw, 768px\" \/><\/div><\/a>\n\t\t\t\t<div class=\"elementor-post__badge\">Vesti<\/div>\n\t\t\t\t<div class=\"elementor-post__text\">\n\t\t\t\t<h3 class=\"elementor-post__title\">\n\t\t\t<a href=\"https:\/\/segwaypowersports.rs\/en\/istrazite-prirodne-lepote-srbije-sa-modelom-segway-snarler\/\" >\n\t\t\t\tIstra\u017eite prirodne lepote Srbije sa modelom Segway Snarler!\t\t\t<\/a>\n\t\t<\/h3>\n\t\t\t\t<div class=\"elementor-post__excerpt\">\n\t\t\t<p>Ukoliko ste ljubitelj prirode i \u010desto se vra\u0107ate njenim prostranstvima, predla\u017eemo da narednog puta isprobate novi i druga\u010diji na\u010din da je do\u017eivite, a to je<\/p>\n\t\t<\/div>\n\t\t\t\t\t<a class=\"elementor-post__read-more\" href=\"https:\/\/segwaypowersports.rs\/en\/istrazite-prirodne-lepote-srbije-sa-modelom-segway-snarler\/\" >\n\t\t\t\tdetaljnije \u00bb\t\t\t<\/a>\n\t\t\t\t<\/div>\n\t\t\t\t\t<\/div>\n\t\t<\/article>\n\t\t\t\t<article class=\"elementor-post elementor-grid-item post-2747 post type-post status-publish format-standard has-post-thumbnail hentry category-vesti\">\n\t\t\t<div class=\"elementor-post__card\">\n\t\t\t\t<a class=\"elementor-post__thumbnail__link\" href=\"https:\/\/segwaypowersports.rs\/en\/segway-snarler-stigao-u-srbiju\/\" ><div class=\"elementor-post__thumbnail\"><img width=\"768\" height=\"418\" src=\"https:\/\/segwaypowersports.rs\/wp-content\/uploads\/2022\/01\/Vest-1-Segway-Snarler-u-Ostruznici-1-768x418.jpg\" class=\"attachment-medium_large size-medium_large wp-image-2757\" alt=\"\" loading=\"lazy\" srcset=\"https:\/\/segwaypowersports.rs\/wp-content\/uploads\/2022\/01\/Vest-1-Segway-Snarler-u-Ostruznici-1-768x418.jpg 768w, https:\/\/segwaypowersports.rs\/wp-content\/uploads\/2022\/01\/Vest-1-Segway-Snarler-u-Ostruznici-1-300x163.jpg 300w, https:\/\/segwaypowersports.rs\/wp-content\/uploads\/2022\/01\/Vest-1-Segway-Snarler-u-Ostruznici-1-1024x557.jpg 1024w, https:\/\/segwaypowersports.rs\/wp-content\/uploads\/2022\/01\/Vest-1-Segway-Snarler-u-Ostruznici-1-1536x835.jpg 1536w, https:\/\/segwaypowersports.rs\/wp-content\/uploads\/2022\/01\/Vest-1-Segway-Snarler-u-Ostruznici-1-2048x1114.jpg 2048w\" sizes=\"(max-width: 768px) 100vw, 768px\" \/><\/div><\/a>\n\t\t\t\t<div class=\"elementor-post__badge\">Vesti<\/div>\n\t\t\t\t<div class=\"elementor-post__text\">\n\t\t\t\t<h3 class=\"elementor-post__title\">\n\t\t\t<a href=\"https:\/\/segwaypowersports.rs\/en\/segway-snarler-stigao-u-srbiju\/\" >\n\t\t\t\tSegway Snarler stigao u Srbiju!\t\t\t<\/a>\n\t\t<\/h3>\n\t\t\t\t<div class=\"elementor-post__excerpt\">\n\t\t\t<p>Ta\u010dno godinu nakon inicijalnog predstavljanja Segway modela na me\u0111unarodnom moto sajmu EICMA u Milanu, model Snarler je po\u010detkom novembra 2020. godine stigao u Srbiju. Prvi<\/p>\n\t\t<\/div>\n\t\t\t\t\t<a class=\"elementor-post__read-more\" href=\"https:\/\/segwaypowersports.rs\/en\/segway-snarler-stigao-u-srbiju\/\" >\n\t\t\t\tdetaljnije \u00bb\t\t\t<\/a>\n\t\t\t\t<\/div>\n\t\t\t\t\t<\/div>\n\t\t<\/article>\n\t\t\t\t<\/div>\n\n\n\t\t\n\t\t\t\t<\/div>\n\t\t\t\t<\/div>\n\t\t\t\t\t<\/div>\n\t\t<\/div>\n\t\t\t\t\t\t\t<\/div>\n\t\t<\/section>\n\t\t\t\t\t\t\t<\/div>\n\t\t","protected":false},"excerpt":{"rendered":"<p>NEWS<\/p>","protected":false},"author":1,"featured_media":0,"parent":0,"menu_order":0,"comment_status":"closed","ping_status":"closed","template":"","meta":[],"_links":{"self":[{"href":"https:\/\/segwaypowersports.rs\/en\/wp-json\/wp\/v2\/pages\/2709"}],"collection":[{"href":"https:\/\/segwaypowersports.rs\/en\/wp-json\/wp\/v2\/pages"}],"about":[{"href":"https:\/\/segwaypowersports.rs\/en\/wp-json\/wp\/v2\/types\/page"}],"author":[{"embeddable":true,"href":"https:\/\/segwaypowersports.rs\/en\/wp-json\/wp\/v2\/users\/1"}],"replies":[{"embeddable":true,"href":"https:\/\/segwaypowersports.rs\/en\/wp-json\/wp\/v2\/comments?post=2709"}],"version-history":[{"count":6,"href":"https:\/\/segwaypowersports.rs\/en\/wp-json\/wp\/v2\/pages\/2709\/revisions"}],"predecessor-version":[{"id":5683,"href":"https:\/\/segwaypowersports.rs\/en\/wp-json\/wp\/v2\/pages\/2709\/revisions\/5683"}],"wp:attachment":[{"href":"https:\/\/segwaypowersports.rs\/en\/wp-json\/wp\/v2\/media?parent=2709"}],"curies":[{"name":"wp","href":"https:\/\/api.w.org\/{rel}","templated":true}]}}